{"id":160,"date":"2016-11-02T11:04:57","date_gmt":"2016-11-02T10:04:57","guid":{"rendered":"http:\/\/connectomglobal.com\/fr\/our-approach\/"},"modified":"2016-11-16T12:33:39","modified_gmt":"2016-11-16T11:33:39","slug":"notre-approche","status":"publish","type":"page","link":"https:\/\/connectomglobal.com\/fr\/notre-approche\/","title":{"rendered":"Notre approche"},"content":{"rendered":"<div id=\"pl-160\"  class=\"panel-layout\" ><div id=\"pg-160-0\"  class=\"panel-grid panel-has-style\" ><div class=\"siteorigin-panels-stretch panel-row-style-full-width panel-row-style panel-row-style-for-160-0\" data-stretch-type=\"full-stretched\" ><div id=\"pgc-160-0-0\"  class=\"panel-grid-cell\" ><div id=\"panel-160-0-0-0\" class=\"so-panel widget widget_sow-image panel-first-child panel-last-child\" data-index=\"0\" ><div class=\"so-widget-sow-image so-widget-sow-image-default-d6014b76747a-160\">\n\n<div class=\"sow-image-container\">\n\t\t<img src=\"https:\/\/connectomglobal.com\/wp-content\/uploads\/2016\/11\/baner_header.png\" width=\"1920\" height=\"186\" srcset=\"https:\/\/connectomglobal.com\/wp-content\/uploads\/2016\/11\/baner_header.png 1920w, https:\/\/connectomglobal.com\/wp-content\/uploads\/2016\/11\/baner_header-300x29.png 300w, https:\/\/connectomglobal.com\/wp-content\/uploads\/2016\/11\/baner_header-768x74.png 768w, https:\/\/connectomglobal.com\/wp-content\/uploads\/2016\/11\/baner_header-1024x99.png 1024w\" sizes=\"(max-width: 1920px) 100vw, 1920px\" alt=\"\" loading=\"lazy\" \t\tclass=\"so-widget-image\"\/>\n\t<\/div>\n\n<\/div><\/div><\/div><\/div><\/div><div id=\"pg-160-1\"  class=\"panel-grid panel-no-style\" ><div id=\"pgc-160-1-0\"  class=\"panel-grid-cell\" ><div id=\"panel-160-1-0-0\" class=\"so-panel widget widget_sow-editor panel-first-child panel-last-child\" data-index=\"1\" ><div class=\"so-widget-sow-editor so-widget-sow-editor-base\">\n<div class=\"siteorigin-widget-tinymce textwidget\">\n\t<p><img loading=\"lazy\" class=\"wp-image-167 size-medium aligncenter\" src=\"http:\/\/connectomglobal.com\/wp-content\/uploads\/2016\/11\/approach_fr-300x82.png\" width=\"300\" height=\"82\" srcset=\"https:\/\/connectomglobal.com\/wp-content\/uploads\/2016\/11\/approach_fr-300x82.png 300w, https:\/\/connectomglobal.com\/wp-content\/uploads\/2016\/11\/approach_fr.png 318w\" sizes=\"(max-width: 300px) 100vw, 300px\" \/><\/p>\n<p>\u00a0<\/p>\n<p style=\"text-align: center;\"><strong><span style=\"color: #42517f; font-size: 14pt;\"><a href='http:\/\/connectomglobal.com\/fr\/notre-approche\/#company_fr' onclick='' class='wpi_designer_button   wpi_shadow wpi_shadow_no wpi_text_shadow_no wpi_texture_no wpi_border_all wpi_padding_15px wpi_rectangle wpi_designer_button_105 wpi_icon wpi_icon_no wpi_icon_left  ' target='' rel=''><i class=''><\/i><span class='wpi_text'>L\u2019enjeu identitaire<\/span><\/a> <a href='http:\/\/connectomglobal.com\/fr\/notre-approche\/#organization_fr' onclick='' class='wpi_designer_button   wpi_shadow wpi_shadow_no wpi_text_shadow_no wpi_texture_no wpi_border_all wpi_padding_15px wpi_rectangle wpi_designer_button_105 wpi_icon wpi_icon_no wpi_icon_left  ' target='' rel=''><i class=''><\/i><span class='wpi_text'>L\u2019enjeu manag\u00e9rial<\/span><\/a> <a href='http:\/\/connectomglobal.com\/fr\/notre-approche\/#value_fr' onclick='' class='wpi_designer_button   wpi_shadow wpi_shadow_no wpi_text_shadow_no wpi_texture_no wpi_border_all wpi_padding_15px wpi_rectangle wpi_designer_button_105 wpi_icon wpi_icon_no wpi_icon_left  ' target='' rel=''><i class=''><\/i><span class='wpi_text'>La cr\u00e9ation de valeur<\/span><\/a><\/span><\/strong><\/p>\n<p style=\"text-align: center;\">\u00a0<\/p>\n<p style=\"text-align: center;\"><strong><span style=\"color: #42517f; font-size: 14pt;\">Accompagner les \u00e9quipes dirigeantes, les investisseurs et leurs partenaires<\/span><\/strong><\/p>\n<p style=\"text-align: center;\">\u00a0<\/p>\n<p><img loading=\"lazy\" class=\"aligncenter wp-image-228 size-full\" src=\"http:\/\/connectomglobal.com\/wp-content\/uploads\/2016\/11\/our-approach_fr.png\" width=\"1106\" height=\"460\" srcset=\"https:\/\/connectomglobal.com\/wp-content\/uploads\/2016\/11\/our-approach_fr.png 1106w, https:\/\/connectomglobal.com\/wp-content\/uploads\/2016\/11\/our-approach_fr-300x125.png 300w, https:\/\/connectomglobal.com\/wp-content\/uploads\/2016\/11\/our-approach_fr-768x319.png 768w, https:\/\/connectomglobal.com\/wp-content\/uploads\/2016\/11\/our-approach_fr-1024x426.png 1024w\" sizes=\"(max-width: 1106px) 100vw, 1106px\" \/><\/p>\n<\/div>\n<\/div><\/div><\/div><\/div><div id=\"pg-160-2\"  class=\"panel-grid panel-has-style\" ><div class=\"siteorigin-panels-stretch panel-row-style-full-width panel-row-style panel-row-style-for-160-2\" data-stretch-type=\"full\" ><div id=\"pgc-160-2-0\"  class=\"panel-grid-cell\" ><div id=\"panel-160-2-0-0\" class=\"so-panel widget widget_sow-editor panel-first-child\" data-index=\"2\" ><div class=\"so-widget-sow-editor so-widget-sow-editor-base\">\n<div class=\"siteorigin-widget-tinymce textwidget\">\n\t<p><a name=\"company_fr\"><\/a><\/p>\n<\/div>\n<\/div><\/div><div id=\"panel-160-2-0-1\" class=\"so-panel widget widget_sow-editor panel-last-child\" data-index=\"3\" ><div class=\"so-widget-sow-editor so-widget-sow-editor-base\">\n<div class=\"siteorigin-widget-tinymce textwidget\">\n\t<p><img loading=\"lazy\" class=\"wp-image-168 size-medium aligncenter\" src=\"http:\/\/connectomglobal.com\/wp-content\/uploads\/2016\/11\/culture_fr-300x74.png\" width=\"300\" height=\"74\" srcset=\"https:\/\/connectomglobal.com\/wp-content\/uploads\/2016\/11\/culture_fr-300x74.png 300w, https:\/\/connectomglobal.com\/wp-content\/uploads\/2016\/11\/culture_fr.png 363w\" sizes=\"(max-width: 300px) 100vw, 300px\" \/><\/p>\n<p>&nbsp;<\/p>\n<p><img loading=\"lazy\" class=\" wp-image-89 alignright\" src=\"http:\/\/connectomglobal.com\/wp-content\/uploads\/2016\/11\/approuch_img-2-300x200.png\" alt=\"approuch_img-2\" width=\"344\" height=\"229\" srcset=\"https:\/\/connectomglobal.com\/wp-content\/uploads\/2016\/11\/approuch_img-2-300x200.png 300w, https:\/\/connectomglobal.com\/wp-content\/uploads\/2016\/11\/approuch_img-2-272x182.png 272w, https:\/\/connectomglobal.com\/wp-content\/uploads\/2016\/11\/approuch_img-2.png 413w\" sizes=\"(max-width: 344px) 100vw, 344px\" \/><\/p>\n<p style=\"text-align: justify;\"><span style=\"color: #ffffff;\">Le d\u00e9veloppement strat\u00e9gique de votre entreprise n\u00e9cessite un support r\u00e9ellement personnalis\u00e9 ainsi qu\u2019une approche pragmatique et op\u00e9rationnelle.<\/span><\/p>\n<p style=\"text-align: justify;\"><span style=\"color: #ffffff;\">Nous accompagnons les \u00e9quipes dirigeantes dans une d\u00e9marche fonctionnelle transverse destin\u00e9e \u00e0 la mise en \u0153uvre efficace de la vision du groupe et de la gouvernance adapt\u00e9e aux enjeux de transformation, d\u2019innovation et de croissance.<\/span><\/p>\n<p style=\"text-align: justify;\"><span style=\"color: #ffffff;\">Nous mobilisons les dirigeants et les managers fonctionnels dans une d\u00e9marche collaborative \u00e0 chaque \u00e9tape de vos projets<\/span><\/p>\n<\/div>\n<\/div><\/div><\/div><\/div><\/div><div id=\"pg-160-3\"  class=\"panel-grid panel-has-style\" ><div class=\"siteorigin-panels-stretch panel-row-style-full-width panel-row-style panel-row-style-for-160-3\" data-stretch-type=\"full\" ><div id=\"pgc-160-3-0\"  class=\"panel-grid-cell\" ><div id=\"panel-160-3-0-0\" class=\"so-panel widget widget_sow-editor panel-first-child\" data-index=\"4\" ><div class=\"so-widget-sow-editor so-widget-sow-editor-base\">\n<div class=\"siteorigin-widget-tinymce textwidget\">\n\t<p><a name=\"value_fr\"><\/a><\/p>\n<\/div>\n<\/div><\/div><div id=\"panel-160-3-0-1\" class=\"so-panel widget widget_sow-editor panel-last-child\" data-index=\"5\" ><div class=\"so-widget-sow-editor so-widget-sow-editor-base\">\n<div class=\"siteorigin-widget-tinymce textwidget\">\n\t<p><img loading=\"lazy\" class=\"wp-image-166 size-medium aligncenter\" src=\"http:\/\/connectomglobal.com\/wp-content\/uploads\/2016\/11\/value_fr-300x67.png\" width=\"300\" height=\"67\" srcset=\"https:\/\/connectomglobal.com\/wp-content\/uploads\/2016\/11\/value_fr-300x67.png 300w, https:\/\/connectomglobal.com\/wp-content\/uploads\/2016\/11\/value_fr.png 367w\" sizes=\"(max-width: 300px) 100vw, 300px\" \/><\/p>\n<p>\u00a0<\/p>\n<p style=\"text-align: justify;\"><span style=\"color: #42517f;\"><\/p>\n<p><img loading=\"lazy\" class=\"wp-image-189 size-medium alignleft\" src=\"http:\/\/connectomglobal.com\/wp-content\/uploads\/2016\/11\/pexels-photo-40120-copy-e1478526239558-300x204.png\" width=\"300\" height=\"204\" srcset=\"https:\/\/connectomglobal.com\/wp-content\/uploads\/2016\/11\/pexels-photo-40120-copy-e1478526239558-300x204.png 300w, https:\/\/connectomglobal.com\/wp-content\/uploads\/2016\/11\/pexels-photo-40120-copy-e1478526239558.png 664w\" sizes=\"(max-width: 300px) 100vw, 300px\" \/>L\u2019am\u00e9lioration continue de vos performances est notre priorit\u00e9. Il est essentiel de d\u00e9velopper la culture manag\u00e9riale et ma\u00eetriser l\u2019\u00e9volution des principes de gouvernance ainsi que les outils de votre croissance.<\/span><\/p>\n<p style=\"text-align: justify;\"><span style=\"color: #42517f;\">Nous participons au d\u00e9veloppement de vos activit\u00e9s en vous accompagnant dans la d\u00e9finition et la mise en \u0153uvre des plans de valorisation \u00e0 moyen terme et de pilotage de la performance.<\/span><\/p>\n<p style=\"text-align: justify;\"><span style=\"color: #42517f;\">Nous travaillons en \u00e9troite collaboration avec les managers ainsi qu\u2019avec vos partenaires externes afin de capturer de nouvelles opportunit\u00e9s d\u2019affaires et d\u00e9montrer la pertinence des objectifs retenus, la performance des m\u00e9thodes de management et le bien-fond\u00e9 des outils de contr\u00f4le et de gestion.<\/span><\/p>\n<\/div>\n<\/div><\/div><\/div><\/div><\/div><div id=\"pg-160-4\"  class=\"panel-grid panel-has-style\" ><div class=\"siteorigin-panels-stretch panel-row-style-full-width panel-row-style panel-row-style-for-160-4\" style=\"background-color: #3094d1; \" data-stretch-type=\"full\" ><div id=\"pgc-160-4-0\"  class=\"panel-grid-cell\" ><div id=\"panel-160-4-0-0\" class=\"so-panel widget widget_sow-editor panel-first-child\" data-index=\"6\" ><div class=\"so-widget-sow-editor so-widget-sow-editor-base\">\n<div class=\"siteorigin-widget-tinymce textwidget\">\n\t<p><a name=\"organization_fr\"><\/a><\/p>\n<\/div>\n<\/div><\/div><div id=\"panel-160-4-0-1\" class=\"so-panel widget widget_sow-editor panel-last-child\" data-index=\"7\" ><div class=\"so-widget-sow-editor so-widget-sow-editor-base\">\n<div class=\"siteorigin-widget-tinymce textwidget\">\n\t<p><span style=\"color: #ffffff;\"><img loading=\"lazy\" class=\"wp-image-169 size-medium aligncenter\" src=\"http:\/\/connectomglobal.com\/wp-content\/uploads\/2016\/11\/organization_fr-300x75.png\" width=\"300\" height=\"75\" srcset=\"https:\/\/connectomglobal.com\/wp-content\/uploads\/2016\/11\/organization_fr-300x75.png 300w, https:\/\/connectomglobal.com\/wp-content\/uploads\/2016\/11\/organization_fr.png 385w\" sizes=\"(max-width: 300px) 100vw, 300px\" \/><\/span><\/p>\n<p>\u00a0<\/p>\n<p><span style=\"color: #ffffff;\"><img loading=\"lazy\" class=\"wp-image-185  alignright\" src=\"http:\/\/connectomglobal.com\/wp-content\/uploads\/2016\/11\/dreamstime_l_36135016-copy-e1478524784335-300x227.png\" width=\"330\" height=\"250\" \/><\/span><\/p>\n<p><span style=\"color: #ffffff;\">Nous vous aidons \u00e0 \u00e9tablir un principe de d\u00e9veloppement \u00e0 deux composantes:<\/span><\/p>\n<p><span style=\"color: #ffffff;\">La composante de d\u00e9veloppement horizontal correspond \u00e0 un renforcement des comp\u00e9tences manag\u00e9riales par l\u2019instauration de bonnes pratiques, l\u2019utilisation d\u2019outils de contr\u00f4le et de gouvernance, la mise en \u0153uvre d\u2019indicateurs adapt\u00e9s de mesure de la performance.<\/span><\/p>\n<p><span style=\"color: #ffffff;\">TLa composante de d\u00e9veloppement vertical correspond \u00e0 la perception que les managers ont de leur nouvel environnement, des solutions qu\u2019ils proposent, des opportunit\u00e9s qui sont g\u00e9n\u00e9r\u00e9es par le syst\u00e8me en place et de la pertinence avec laquelle ils tirent rapidement le b\u00e9n\u00e9fice de la composante de d\u00e9veloppement horizontal<\/span><\/p>\n<\/div>\n<\/div><\/div><\/div><\/div><\/div><\/div>","protected":false},"excerpt":{"rendered":"<p>\u00a0 \u00a0Accompagner les \u00e9quipes dirigeantes, les investisseurs et leurs partenaires\u00a0<\/p>\n","protected":false},"author":1,"featured_media":0,"parent":0,"menu_order":0,"comment_status":"closed","ping_status":"closed","template":"","meta":[],"_links":{"self":[{"href":"https:\/\/connectomglobal.com\/fr\/wp-json\/wp\/v2\/pages\/160\/"}],"collection":[{"href":"https:\/\/connectomglobal.com\/fr\/wp-json\/wp\/v2\/pages\/"}],"about":[{"href":"https:\/\/connectomglobal.com\/fr\/wp-json\/wp\/v2\/types\/page\/"}],"author":[{"embeddable":true,"href":"https:\/\/connectomglobal.com\/fr\/wp-json\/wp\/v2\/users\/1\/"}],"replies":[{"embeddable":true,"href":"https:\/\/connectomglobal.com\/fr\/wp-json\/wp\/v2\/comments\/?post=160"}],"version-history":[{"count":12,"href":"https:\/\/connectomglobal.com\/fr\/wp-json\/wp\/v2\/pages\/160\/revisions\/"}],"predecessor-version":[{"id":240,"href":"https:\/\/connectomglobal.com\/fr\/wp-json\/wp\/v2\/pages\/160\/revisions\/240\/"}],"wp:attachment":[{"href":"https:\/\/connectomglobal.com\/fr\/wp-json\/wp\/v2\/media\/?parent=160"}],"curies":[{"name":"wp","href":"https:\/\/api.w.org\/{rel}","templated":true}]}}