{"id":154,"date":"2016-11-02T11:03:21","date_gmt":"2016-11-02T10:03:21","guid":{"rendered":"http:\/\/connectomglobal.com\/fr\/home\/"},"modified":"2016-11-16T10:58:02","modified_gmt":"2016-11-16T09:58:02","slug":"home","status":"publish","type":"page","link":"https:\/\/connectomglobal.com\/fr\/","title":{"rendered":"Accueil"},"content":{"rendered":"<div id=\"pl-154\"  class=\"panel-layout\" ><div id=\"pg-154-0\"  class=\"panel-grid panel-has-style\" ><div class=\"image_header siteorigin-panels-stretch panel-row-style-full-width panel-row-style panel-row-style-for-154-0\" id=\"image_header\" data-stretch-type=\"full-stretched\" ><div id=\"pgc-154-0-0\"  class=\"panel-grid-cell\" ><div id=\"panel-154-0-0-0\" class=\"so-panel widget widget_sow-image panel-first-child panel-last-child\" data-index=\"0\" ><div class=\"so-widget-sow-image so-widget-sow-image-default-4b231843ec72-154\">\n\n<div class=\"sow-image-container\">\n\t\t<img src=\"https:\/\/connectomglobal.com\/wp-content\/uploads\/2016\/11\/header_home_fr-2.png\" width=\"1920\" height=\"782\" srcset=\"https:\/\/connectomglobal.com\/wp-content\/uploads\/2016\/11\/header_home_fr-2.png 1920w, https:\/\/connectomglobal.com\/wp-content\/uploads\/2016\/11\/header_home_fr-2-300x122.png 300w, https:\/\/connectomglobal.com\/wp-content\/uploads\/2016\/11\/header_home_fr-2-768x313.png 768w, https:\/\/connectomglobal.com\/wp-content\/uploads\/2016\/11\/header_home_fr-2-1024x417.png 1024w\" sizes=\"(max-width: 1920px) 100vw, 1920px\" title=\"Connectom France\" alt=\"\" loading=\"lazy\" \t\tclass=\"so-widget-image\"\/>\n\t<\/div>\n\n<\/div><\/div><\/div><\/div><\/div><div id=\"pg-154-1\"  class=\"panel-grid panel-no-style\" ><div id=\"pgc-154-1-0\"  class=\"panel-grid-cell\" ><div id=\"panel-154-1-0-0\" class=\"so-panel widget widget_sow-image panel-first-child\" data-index=\"1\" ><div class=\"so-widget-sow-image so-widget-sow-image-default-17bc2272b535-154\">\n\n<div class=\"sow-image-container\">\n\t\t<img src=\"https:\/\/connectomglobal.com\/wp-content\/uploads\/2016\/11\/ikonka_1.png\" width=\"176\" height=\"42\" sizes=\"(max-width: 176px) 100vw, 176px\" alt=\"\" loading=\"lazy\" \t\tclass=\"so-widget-image\"\/>\n\t<\/div>\n\n<\/div><\/div><div id=\"panel-154-1-0-1\" class=\"so-panel widget widget_sow-editor\" data-index=\"2\" ><div class=\"so-widget-sow-editor so-widget-sow-editor-base\">\n<div class=\"siteorigin-widget-tinymce textwidget\">\n\t<p style=\"text-align: center;\"><span style=\"color: #42517f; font-size: 14pt;\">Nous \u00e9voluons dans un monde o\u00f9 les entrepreneurs sont \u00e9valu\u00e9s sur leurs capacit\u00e9s \u00e0 cr\u00e9er de la valeur dans un environnement \u00e9conomique global et multiculturel en changement constant. Ce contexte g\u00e9n\u00e8re de r\u00e9elles opportunit\u00e9s de croissance en France comme \u00e0 l\u2019international.<\/span><\/p>\n<p style=\"text-align: center;\"><span style=\"font-size: 14pt; color: #42517f;\">Il est donc essentiel de les accompagner afin de mettre en \u0153uvre les valeurs de l\u2019entreprise et faire \u00e9voluer les \u00e9l\u00e9ments diff\u00e9rentiateurs qui conf\u00e8rent l\u2019agilit\u00e9 et les avantages concurrentiels indispensables \u00e0 leur d\u00e9veloppement.<\/span><\/p>\n<\/div>\n<\/div><\/div><div id=\"panel-154-1-0-2\" class=\"so-panel widget widget_sow-editor panel-last-child\" data-index=\"3\" ><div class=\"so-widget-sow-editor so-widget-sow-editor-base\">\n<div class=\"siteorigin-widget-tinymce textwidget\">\n\t<p style=\"text-align: center;\"><a href='http:\/\/connectomglobal.com\/fr\/#our_expertise_fr' onclick='' class='wpi_designer_button   wpi_shadow wpi_shadow_no wpi_text_shadow_no wpi_texture_no wpi_border_all wpi_padding_10px wpi_rectangle wpi_designer_button_32 wpi_icon wpi_icon_no wpi_icon_left  ' target='' rel=''><i class=''><\/i><span class='wpi_text'>Accompagner pour atteindre vos objectifs de croissance<\/span><\/a><\/p>\n<\/div>\n<\/div><\/div><\/div><\/div><div id=\"pg-154-2\"  class=\"panel-grid panel-has-style\" ><div class=\"siteorigin-panels-stretch panel-row-style-full-width panel-row-style panel-row-style-for-154-2\" data-stretch-type=\"full\" ><div id=\"pgc-154-2-0\"  class=\"panel-grid-cell\" ><div id=\"panel-154-2-0-0\" class=\"so-panel widget widget_sow-editor panel-first-child\" data-index=\"4\" ><div class=\"so-widget-sow-editor so-widget-sow-editor-base\">\n<div class=\"siteorigin-widget-tinymce textwidget\">\n\t<p><a name=\"about_us_fr\"><\/a><\/p>\n<\/div>\n<\/div><\/div><div id=\"panel-154-2-0-1\" class=\"so-panel widget widget_sow-image\" data-index=\"5\" ><div class=\"so-widget-sow-image so-widget-sow-image-default-17bc2272b535-154\">\n\n<div class=\"sow-image-container\">\n\t\t<img src=\"https:\/\/connectomglobal.com\/wp-content\/uploads\/2016\/11\/group_fr.png\" width=\"337\" height=\"99\" srcset=\"https:\/\/connectomglobal.com\/wp-content\/uploads\/2016\/11\/group_fr.png 337w, https:\/\/connectomglobal.com\/wp-content\/uploads\/2016\/11\/group_fr-300x88.png 300w\" sizes=\"(max-width: 337px) 100vw, 337px\" alt=\"\" loading=\"lazy\" \t\tclass=\"so-widget-image\"\/>\n\t<\/div>\n\n<\/div><\/div><div id=\"panel-154-2-0-2\" class=\"so-panel widget widget_sow-editor panel-last-child\" data-index=\"6\" ><div class=\"so-widget-sow-editor so-widget-sow-editor-base\">\n<div class=\"siteorigin-widget-tinymce textwidget\">\n\t<p style=\"text-align: justify;\"><span style=\"font-size: 14pt; color: #ffffff;\"><img loading=\"lazy\" class=\"wp-image-142  alignright\" src=\"http:\/\/connectomglobal.com\/wp-content\/uploads\/2016\/11\/dreamstime_m_65007656-300x200.jpg\" width=\"473\" height=\"315\" srcset=\"https:\/\/connectomglobal.com\/wp-content\/uploads\/2016\/11\/dreamstime_m_65007656-300x200.jpg 300w, https:\/\/connectomglobal.com\/wp-content\/uploads\/2016\/11\/dreamstime_m_65007656-600x400.jpg 600w, https:\/\/connectomglobal.com\/wp-content\/uploads\/2016\/11\/dreamstime_m_65007656-272x182.jpg 272w, https:\/\/connectomglobal.com\/wp-content\/uploads\/2016\/11\/dreamstime_m_65007656.jpg 642w\" sizes=\"(max-width: 473px) 100vw, 473px\" \/>Notre \u00e9quipe est constitu\u00e9e de dirigeants et entrepreneurs aux comp\u00e9tences compl\u00e9mentaires b\u00e9n\u00e9ficiant d\u2019une exp\u00e9rience av\u00e9r\u00e9e de la gestion d\u2019op\u00e9rations complexes et de d\u00e9veloppement d\u2019affaires dans des contextes vari\u00e9s de croissance multisectorielle, de transformation et de conduite du changement ou encore d\u2019op\u00e9rations transactionnelles internationales. \u00a0<\/span><\/p>\n<p style=\"text-align: justify;\"><span style=\"font-size: 14pt; color: #ffffff;\"> Nous accompagnons les Start-Ups, PMEs et grands groupes \u00e0 chaque \u00e9tape de leurs projets afin de d\u00e9finir et mettre en \u0153uvre les plans et m\u00e9canismes du d\u00e9veloppement et de la gestion de la performance dans le respect des valeurs et de la culture de leurs entreprises. <\/span><\/p>\n<p style=\"text-align: justify;\"><span style=\"font-size: 14pt; color: #ffffff;\">Nous apportons \u00e9galement une exp\u00e9rience reconnue de la n\u00e9gociation d\u2019accords nationaux et internationaux destin\u00e9s \u00e0 la cr\u00e9ation de partenariats, de gestion de projets collaboratifs ou li\u00e9s aux secteurs prot\u00e9g\u00e9s dans le cadre d\u2019un changement de contr\u00f4le.<\/span><\/p>\n<p style=\"text-align: justify;\"><span style=\"font-size: 14pt; color: #ffffff;\">Notre r\u00e9seau international de partenaires et notre approche fonctionnelle transverse nous permettent de travailler en \u00e9troite collaboration avec les \u00e9quipes de nos clients pour atteindre leurs objectifs de croissance et de rentabilit\u00e9. <\/span><\/p>\n<\/div>\n<\/div><\/div><\/div><\/div><\/div><div id=\"pg-154-3\"  class=\"panel-grid panel-has-style\" ><div class=\"siteorigin-panels-stretch panel-row-style-full-width panel-row-style panel-row-style-for-154-3\" data-stretch-type=\"full\" ><div id=\"pgc-154-3-0\"  class=\"panel-grid-cell\" ><div id=\"panel-154-3-0-0\" class=\"so-panel widget widget_sow-editor panel-first-child\" data-index=\"7\" ><div class=\"so-widget-sow-editor so-widget-sow-editor-base\">\n<div class=\"siteorigin-widget-tinymce textwidget\">\n\t<p><a name=\"our_expertise_fr\"><\/a><\/p>\n<\/div>\n<\/div><\/div><div id=\"panel-154-3-0-1\" class=\"so-panel widget widget_sow-image\" data-index=\"8\" ><div class=\"so-widget-sow-image so-widget-sow-image-default-17bc2272b535-154\">\n\n<div class=\"sow-image-container\">\n\t\t<img src=\"https:\/\/connectomglobal.com\/wp-content\/uploads\/2016\/11\/expertise_fr.png\" width=\"437\" height=\"96\" srcset=\"https:\/\/connectomglobal.com\/wp-content\/uploads\/2016\/11\/expertise_fr.png 437w, https:\/\/connectomglobal.com\/wp-content\/uploads\/2016\/11\/expertise_fr-300x66.png 300w, https:\/\/connectomglobal.com\/wp-content\/uploads\/2016\/11\/expertise_fr-436x96.png 436w\" sizes=\"(max-width: 437px) 100vw, 437px\" alt=\"\" loading=\"lazy\" \t\tclass=\"so-widget-image\"\/>\n\t<\/div>\n\n<\/div><\/div><div id=\"panel-154-3-0-2\" class=\"so-panel widget widget_sow-features panel-last-child\" data-index=\"9\" ><div class=\"so-widget-sow-features so-widget-sow-features-default-dff64c5001c2-154\">\n<div class=\"sow-features-list sow-features-responsive\">\n\n\t\t\t\n\t\t\t<div class=\"sow-features-feature sow-icon-container-position-top \" style=\"width: 50%\">\n\n\t\t\t\t\t\t\t\t<div\n\t\t\t\t\tclass=\"sow-icon-container sow-container-none\"\n                    style=\"color: #404040; \"\n\t\t\t\t\t>\n\t\t\t\t\t<div class=\"sow-icon-image\" style=\"background-image: url(https:\/\/connectomglobal.com\/wp-content\/uploads\/2016\/11\/ikonka_home1.png); font-size: 30px\"><\/div>\t\t\t\t<\/div>\n\t\t\t\t\n\t\t\t\t<div class=\"textwidget\">\n\t\t\t\t\t\t\t\t\t\t\t<h5>\n\t\t\t\t\t\t\t\n\t\t\t\t\t\t\tD\u00e9veloppement d\u2019Affaires\t\t\t\t\t\t\t\t\t\t\t\t\t<\/h5>\n\t\t\t\t\t\n\t\t\t\t\t\t\t\t\t\t\tAnalyse multisectorielle et \u00e9conomique, identification de prospects et de partenaires, diversification des activit\u00e9s, d\u00e9veloppement \u00e0 l\u2019international, acc\u00e8s \u00e0 notre r\u00e9seau de partenaires et de conseils en France et \u00e0 l\u2019\u00e9tranger\t\t\t\t\t\n\t\t\t\t\t\t\t\t\t<\/div>\n\t\t\t\t\t\t\t<\/div>\n\n\t\t\n\t\t\t<div class=\"sow-features-feature sow-icon-container-position-top \" style=\"width: 50%\">\n\n\t\t\t\t\t\t\t\t<div\n\t\t\t\t\tclass=\"sow-icon-container sow-container-none\"\n                    style=\"color: #404040; \"\n\t\t\t\t\t>\n\t\t\t\t\t<div class=\"sow-icon-image\" style=\"background-image: url(https:\/\/connectomglobal.com\/wp-content\/uploads\/2016\/11\/ikonka_home2.png); font-size: 30px\"><\/div>\t\t\t\t<\/div>\n\t\t\t\t\n\t\t\t\t<div class=\"textwidget\">\n\t\t\t\t\t\t\t\t\t\t\t<h5>\n\t\t\t\t\t\t\t\n\t\t\t\t\t\t\tProgrammes de gestion de la performance\t\t\t\t\t\t\t\t\t\t\t\t\t<\/h5>\n\t\t\t\t\t\n\t\t\t\t\t\t\t\t\t\t\tD\u00e9finition et mise en \u0153uvre des programmes d\u2019excellence op\u00e9rationnelle et de conduite du changement, d\u00e9ploiement des principes de gouvernance et de mesure des indicateurs de performance.\t\t\t\t\t\n\t\t\t\t\t\t\t\t\t<\/div>\n\t\t\t\t\t\t\t<\/div>\n\n\t\t\n\t\t\t<div class=\"sow-features-feature sow-icon-container-position-top \" style=\"width: 50%\">\n\n\t\t\t\t\t\t\t\t<div\n\t\t\t\t\tclass=\"sow-icon-container sow-container-none\"\n                    style=\"color: #404040; \"\n\t\t\t\t\t>\n\t\t\t\t\t<div class=\"sow-icon-image\" style=\"background-image: url(https:\/\/connectomglobal.com\/wp-content\/uploads\/2016\/11\/ikonka_home3.png); font-size: 30px\"><\/div>\t\t\t\t<\/div>\n\t\t\t\t\n\t\t\t\t<div class=\"textwidget\">\n\t\t\t\t\t\t\t\t\t\t\t<h5>\n\t\t\t\t\t\t\t\n\t\t\t\t\t\t\tManagement\t\t\t\t\t\t\t\t\t\t\t\t\t<\/h5>\n\t\t\t\t\t\n\t\t\t\t\t\t\t\t\t\t\tAccompagnement des \u00e9quipes dirigeantes et des leaders fonctionnels, d\u00e9ploiement des outils de gestion commerciale CRM, pr\u00e9paration budg\u00e9taire et mise en \u0153uvre des m\u00e9canismes de gestion pr\u00e9visionnelle, revue des propositions commerciales.\t\t\t\t\t\n\t\t\t\t\t\t\t\t\t<\/div>\n\t\t\t\t\t\t\t<\/div>\n\n\t\t\n\t\t\t<div class=\"sow-features-feature sow-icon-container-position-top \" style=\"width: 50%\">\n\n\t\t\t\t\t\t\t\t<div\n\t\t\t\t\tclass=\"sow-icon-container sow-container-none\"\n                    style=\"color: #404040; \"\n\t\t\t\t\t>\n\t\t\t\t\t<div class=\"sow-icon-image\" style=\"background-image: url(https:\/\/connectomglobal.com\/wp-content\/uploads\/2016\/11\/ikonka_home4.png); font-size: 30px\"><\/div>\t\t\t\t<\/div>\n\t\t\t\t\n\t\t\t\t<div class=\"textwidget\">\n\t\t\t\t\t\t\t\t\t\t\t<h5>\n\t\t\t\t\t\t\t\n\t\t\t\t\t\t\tManagement de l\u2019innovation\t\t\t\t\t\t\t\t\t\t\t\t\t<\/h5>\n\t\t\t\t\t\n\t\t\t\t\t\t\t\t\t\t\tD\u00e9finition de la strat\u00e9gie d\u2019innovation, d\u00e9ploiement des plans, de la gouvernance et des proc\u00e9dures d\u2019innovation, d\u00e9finition de la strat\u00e9gie de protection intellectuelle.\t\t\t\t\t\n\t\t\t\t\t\t\t\t\t<\/div>\n\t\t\t\t\t\t\t<\/div>\n\n\t\t\n\t\t\t<div class=\"sow-features-feature sow-icon-container-position-top \" style=\"width: 50%\">\n\n\t\t\t\t\t\t\t\t<div\n\t\t\t\t\tclass=\"sow-icon-container sow-container-none\"\n                    style=\"color: #404040; \"\n\t\t\t\t\t>\n\t\t\t\t\t<div class=\"sow-icon-image\" style=\"background-image: url(https:\/\/connectomglobal.com\/wp-content\/uploads\/2016\/11\/ikonka_home5.png); font-size: 30px\"><\/div>\t\t\t\t<\/div>\n\t\t\t\t\n\t\t\t\t<div class=\"textwidget\">\n\t\t\t\t\t\t\t\t\t\t\t<h5>\n\t\t\t\t\t\t\t\n\t\t\t\t\t\t\tN\u00e9gociation de contrats\t\t\t\t\t\t\t\t\t\t\t\t\t<\/h5>\n\t\t\t\t\t\n\t\t\t\t\t\t\t\t\t\t\tAccompagnement \u00e0 la n\u00e9gociation des termes et conditions des contrats, accords bilat\u00e9raux, accords de consortium et de partenariats acc\u00e8s \u00e0 notre r\u00e9seau de conseil juridique en France et \u00e0 l\u2019\u00e9tranger.\t\t\t\t\t\n\t\t\t\t\t\t\t\t\t<\/div>\n\t\t\t\t\t\t\t<\/div>\n\n\t\t\n\t\t\t<div class=\"sow-features-feature sow-icon-container-position-top \" style=\"width: 50%\">\n\n\t\t\t\t\t\t\t\t<div\n\t\t\t\t\tclass=\"sow-icon-container sow-container-none\"\n                    style=\"color: #404040; \"\n\t\t\t\t\t>\n\t\t\t\t\t<div class=\"sow-icon-image\" style=\"background-image: url(https:\/\/connectomglobal.com\/wp-content\/uploads\/2016\/11\/ikonka_home6.png); font-size: 30px\"><\/div>\t\t\t\t<\/div>\n\t\t\t\t\n\t\t\t\t<div class=\"textwidget\">\n\t\t\t\t\t\t\t\t\t\t\t<h5>\n\t\t\t\t\t\t\t\n\t\t\t\t\t\t\tFusion &amp; Acquisition\t\t\t\t\t\t\t\t\t\t\t\t\t<\/h5>\n\t\t\t\t\t\n\t\t\t\t\t\t\t\t\t\t\tDue diligence, d\u00e9finition et d\u00e9ploiement des plans de pr\u00e9 et post int\u00e9gration transactionnelle, acc\u00e8s \u00e0 notre r\u00e9seau d\u2019investisseurs en France et \u00e0 l\u2019\u00e9tranger.\t\t\t\t\t\n\t\t\t\t\t\t\t\t\t<\/div>\n\t\t\t\t\t\t\t<\/div>\n\n\t\t\n\t\t\t<div class=\"sow-features-feature sow-icon-container-position-top sow-features-feature-last-row\" style=\"width: 50%\">\n\n\t\t\t\t\t\t\t\t<div\n\t\t\t\t\tclass=\"sow-icon-container sow-container-none\"\n                    style=\"color: #404040; \"\n\t\t\t\t\t>\n\t\t\t\t\t<div class=\"sow-icon-image\" style=\"background-image: url(https:\/\/connectomglobal.com\/wp-content\/uploads\/2016\/11\/ikonka_home7.png); font-size: 30px\"><\/div>\t\t\t\t<\/div>\n\t\t\t\t\n\t\t\t\t<div class=\"textwidget\">\n\t\t\t\t\t\t\t\t\t\t\t<h5>\n\t\t\t\t\t\t\t\n\t\t\t\t\t\t\tMarketing\t\t\t\t\t\t\t\t\t\t\t\t\t<\/h5>\n\t\t\t\t\t\n\t\t\t\t\t\t\t\t\t\t\tAnalyse des march\u00e9s et \u00e9tude de la concurrence, plans de positionnement strat\u00e9gique. Pr\u00e9paration de s\u00e9minaires et \u00e9v\u00e8nements commerciaux.\t\t\t\t\t\n\t\t\t\t\t\t\t\t\t<\/div>\n\t\t\t\t\t\t\t<\/div>\n\n\t\t\n\t\t\t<div class=\"sow-features-feature sow-icon-container-position-top sow-features-feature-last-row\" style=\"width: 50%\">\n\n\t\t\t\t\t\t\t\t<div\n\t\t\t\t\tclass=\"sow-icon-container sow-container-none\"\n                    style=\"color: #404040; \"\n\t\t\t\t\t>\n\t\t\t\t\t<div class=\"sow-icon-image\" style=\"background-image: url(https:\/\/connectomglobal.com\/wp-content\/uploads\/2016\/11\/ikonka_home8.png); font-size: 30px\"><\/div>\t\t\t\t<\/div>\n\t\t\t\t\n\t\t\t\t<div class=\"textwidget\">\n\t\t\t\t\t\t\t\t\t\t\t<h5>\n\t\t\t\t\t\t\t\n\t\t\t\t\t\t\tRecherche de financements\t\t\t\t\t\t\t\t\t\t\t\t\t<\/h5>\n\t\t\t\t\t\n\t\t\t\t\t\t\t\t\t\t\tAccompagnement \u00e0 la r\u00e9daction des dossiers de financement r\u00e9gionaux et Europ\u00e9ens.\t\t\t\t\t\n\t\t\t\t\t\t\t\t\t<\/div>\n\t\t\t\t\t\t\t<\/div>\n\n\t\t\t\n<\/div>\n<\/div><\/div><\/div><\/div><\/div><\/div>","protected":false},"excerpt":{"rendered":"<p>Nous \u00e9voluons dans un monde o\u00f9 les entrepreneurs sont \u00e9valu\u00e9s sur leurs capacit\u00e9s \u00e0 cr\u00e9er de la valeur dans un environnement \u00e9conomique global et multiculturel en changement constant. Ce contexte g\u00e9n\u00e8re de r\u00e9elles opportunit\u00e9s de croissance en France comme \u00e0 l\u2019international.Il est donc essentiel de les accompagner afin de mettre en \u0153uvre les valeurs de [&hellip;]<\/p>\n","protected":false},"author":1,"featured_media":0,"parent":0,"menu_order":0,"comment_status":"closed","ping_status":"closed","template":"home-panels.php","meta":[],"_links":{"self":[{"href":"https:\/\/connectomglobal.com\/fr\/wp-json\/wp\/v2\/pages\/154\/"}],"collection":[{"href":"https:\/\/connectomglobal.com\/fr\/wp-json\/wp\/v2\/pages\/"}],"about":[{"href":"https:\/\/connectomglobal.com\/fr\/wp-json\/wp\/v2\/types\/page\/"}],"author":[{"embeddable":true,"href":"https:\/\/connectomglobal.com\/fr\/wp-json\/wp\/v2\/users\/1\/"}],"replies":[{"embeddable":true,"href":"https:\/\/connectomglobal.com\/fr\/wp-json\/wp\/v2\/comments\/?post=154"}],"version-history":[{"count":10,"href":"https:\/\/connectomglobal.com\/fr\/wp-json\/wp\/v2\/pages\/154\/revisions\/"}],"predecessor-version":[{"id":238,"href":"https:\/\/connectomglobal.com\/fr\/wp-json\/wp\/v2\/pages\/154\/revisions\/238\/"}],"wp:attachment":[{"href":"https:\/\/connectomglobal.com\/fr\/wp-json\/wp\/v2\/media\/?parent=154"}],"curies":[{"name":"wp","href":"https:\/\/api.w.org\/{rel}","templated":true}]}}